{"id":165,"date":"2025-12-08T22:18:47","date_gmt":"2025-12-08T21:18:47","guid":{"rendered":"\/?page_id=165"},"modified":"2025-12-21T21:10:15","modified_gmt":"2025-12-21T20:10:15","slug":"tutor-linguistico","status":"publish","type":"page","link":"https:\/\/scuola.cestim.it\/index.php\/tutor-linguistico\/","title":{"rendered":"TUTOR LINGUISTICO"},"content":{"rendered":"\n<div class=\"wp-block-cover is-light\" style=\"margin-top:0;margin-bottom:0;padding-top:var(--wp--preset--spacing--80);padding-right:0;padding-bottom:var(--wp--preset--spacing--80);padding-left:0;min-height:400px;aspect-ratio:unset;\"><img loading=\"lazy\" decoding=\"async\" width=\"2560\" height=\"602\" sizes=\"auto, (max-width: 799px) 200vw, (max-width: 2560px) 100vw, 2560px\" class=\"wp-block-cover__image-background wp-image-168 size-full\" alt=\"\" src=\"\/wp-content\/uploads\/2025\/12\/tlc_copertina-scaled.jpg\" style=\"object-position:50% 50%\" data-object-fit=\"cover\" data-object-position=\"50% 50%\" srcset=\"https:\/\/scuola.cestim.it\/wp-content\/uploads\/2025\/12\/tlc_copertina-scaled.jpg 2560w, https:\/\/scuola.cestim.it\/wp-content\/uploads\/2025\/12\/tlc_copertina-300x71.jpg 300w, https:\/\/scuola.cestim.it\/wp-content\/uploads\/2025\/12\/tlc_copertina-1024x241.jpg 1024w, https:\/\/scuola.cestim.it\/wp-content\/uploads\/2025\/12\/tlc_copertina-768x181.jpg 768w, https:\/\/scuola.cestim.it\/wp-content\/uploads\/2025\/12\/tlc_copertina-1536x361.jpg 1536w, https:\/\/scuola.cestim.it\/wp-content\/uploads\/2025\/12\/tlc_copertina-2048x482.jpg 2048w\" \/><span aria-hidden=\"true\" class=\"wp-block-cover__background has-background-dim-0 has-background-dim\"><\/span><div class=\"wp-block-cover__inner-container is-layout-flow wp-container-core-cover-is-layout-efd189b9 wp-block-cover-is-layout-flow\">\n<p class=\"has-text-align-center has-large-font-size\"><\/p>\n<\/div><\/div>\n\n\n\n<p><br><\/p>\n\n\n\n<h1 class=\"wp-block-heading has-foreground-color has-text-color has-poppins-font-family has-medium-font-size\">COS&#8217;\u00c8 IL TUTOR LINGUISTICO<br><\/h1>\n\n\n\n<p>Il tutor linguistico, che il Cestim propone con questo progetto, \u00e8 una figura impegnata per circa 20 ore la settimana a supportare gli insegnanti della scuola nel dare le necessarie risposte ai bisogni linguistici degli alunni con background migratorio.&nbsp; Una figura competente e motivata, impegnata nello studio e implementazione di strategie mirate a colmare il gap di competenze linguistiche esistente tra alunni italiani e i figli degli immigrati residenti in un territorio circoscritto. Il progetto \u201cTutor Linguistico Cestim\u201d \u00e8 sperimentato con successo in 7 Istituti Comprensivi dall\u2019 a.s. 2013\/2014 prendendo spunto dalla consapevolezza, presente nella scuola, della necessit\u00e0 di figure specializzate che seguano il percorso di apprendimento linguistico degli alunni con background migratorio in situazione di svantaggio.<br><\/p>\n\n\n\n<h1 class=\"wp-block-heading has-foreground-color has-text-color has-poppins-font-family has-medium-font-size\">CHI \u00c8 IL TUTOR LINGUISTICO<br><\/h1>\n\n\n\n<p>\u00c8 un laureato in materie umanistiche con una formazione specifica per l&#8217;insegnamento dell&#8217;Italiano come Lingua seconda. Viene selezionato tra i collaboratori Cestim che hanno maturato una significativa esperienza di insegnamento all&#8217;interno dei progetti Cestim nella Scuola (i corsi estivi e i doposcuola hanno costituito una straordinaria palestra di affinamento delle competenze didattiche per l\u2019insegnamento dell\u2019italiano \u2013 sia come lingua della comunicazione che come lingua dello studio e quindi della riuscita scolastica \u2013 per decine e decine di giovani laureati aspiranti alla professione di insegnanti).<br><\/p>\n\n\n\n<h1 class=\"wp-block-heading has-foreground-color has-text-color has-poppins-font-family has-medium-font-size\">COSA FA IL TUTOR LINGUISTICO<br><\/h1>\n\n\n\n<ol class=\"wp-block-list\">\n<li>Analizza, con le metodologie didattiche pi\u00f9 appropriate, i bisogni linguistici di italiano L2 di ognuno degli alunni figli di immigrati presenti nelle scuole del territorio;<\/li>\n\n\n\n<li>prospetta agli insegnanti di classe, i percorsi didattici da seguire per rispondere in maniera adeguata ai bisogni linguistici rilevati;<\/li>\n\n\n\n<li>concorda con la direzione scolastica e l\u2019insegnante Funzione strumentale per l\u2019Intercultura le priorit\u00e0 di intervento;<\/li>\n\n\n\n<li>supporta la direzione scolastica e l\u2019insegnante Funzione strumentale&nbsp; nel coordinamento delle attivit\u00e0 messe in campo dalla scuola finalizzate al miglioramento delle competenze linguistiche degli alunni con background migratorio (sia quelle organizzate con fondi interni, sia quelle implementate grazie a risorse esterne del pubblico, del privato sociale e del volontariato); in particolare supporta l\u2019insegnante Funzione strumentale nel coordinamento e implementazione delle Azioni previste dal protocollo di Intesa Cestim-Scuole.<\/li>\n\n\n\n<li>progetta e implementa, in accordo con la Direzione Scolastica e la Funzione Strumentale, un laboratorio linguistico permanente (15 ore la settimana di didattica da met\u00e0 settembre a luglio);<\/li>\n\n\n\n<li>monitora in itinere i progressi linguistici degli alunni;<\/li>\n\n\n\n<li>certifica per gli alunni stessi e per i loro insegnanti il livello di padronanza della lingua italiana raggiunto e provato dal superamento dei test in uso riconosciuti dal Mi.<\/li>\n<\/ol>\n\n\n\n<p><\/p>\n\n\n\n<h1 class=\"wp-block-heading has-foreground-color has-text-color has-poppins-font-family has-medium-font-size\">IN COSA CONSISTE L&#8217;ATTIVIT\u00c0 DI LABORATORIO LINGUISTICO PERMANENTE<br><\/h1>\n\n\n\n<p>Il tutor linguistico si caratterizza anzitutto per la programmazione e conduzione di laboratori linguistici a piccoli gruppi nei diversi plessi dell\u2019Istituto Comprensivo per un totale di 15 ore di attivit\u00e0 didattica settimanale per tutto l\u2019anno scolastico (dal 15\u00b0 settembre al 31 luglio). I laboratori sono destinati in primis ad alunni di recente immigrazione prevedendo interventi pi\u00f9 o meno lunghi e strutturati fino al raggiungimento degli obiettivi prefissati. Pu\u00f2 trattarsi di pacchetti di poche ore o di percorsi di lunga durata per gruppo, in orario scolastico o extrascolastico, finalizzati alla padronanza della lingua della prima comunicazione o della lingua dello studio. In un anno minimo potranno essere messe a disposizione della scuola circa 600 ore di laboratorio linguistico a vantaggio di un numero di studenti residenti nel quartiere variabile tra i 30 e i 40.<br>Come si relaziona con la Scuola (con il Dirigente, l&#8217;Insegnante FS e gli altri docenti)<br><\/p>\n\n\n\n<p>Il tutor linguistico proposto dal Cestim opera nella Scuola nel presupposto di una condivisione piena della sua funzione da parte di tutte le componenti della Scuola interessate al successo scolastico degli alunni figli di immigrati (dalla Direzione, agli insegnanti, al personale non docente). Questa condivisione viene esplicitata in un protocollo di intesa che impegna le parti ad una fattiva collaborazione, ad una buona comunicazione e alla reciproca messa a disposizione delle risorse operative previste. Il Progetto entra quindi a far parte ufficialmente del Piano di Offerta Formativa della Scuola. Per evitare il &#8220;rischio delega&#8221; il tutor linguistico del Cestim deve veder riconosciuto ufficialmente il proprio ruolo cos\u00ec come devono essere definite preventivamente le modalit\u00e0 di interazione con i docenti.&nbsp; Il tutor partecipa alla commissione intercultura e pu\u00f2 essere invitato ai consigli di classe. Si confronta con regolarit\u00e0 con i docenti degli alunni seguiti per programmare gli interventi e monitorare i progressi linguistici.<br><\/p>\n\n\n\n<h1 class=\"wp-block-heading has-foreground-color has-text-color has-poppins-font-family has-medium-font-size\">L&#8217;OTTIMIZZAZIONE DELLE RISORSE CESTIM<\/h1>\n\n\n\n<p>Questa proposta di progetto si inserisce nel solco e in continuit\u00e0 con le attivit\u00e0 finora svolte nelle scuole veronesi dal Cestim grazie anzitutto e soprattutto al sostegno della FSZ. Ci si riferisce qui ai corsi estivi di italiano e ai doposcuola di cui hanno fruito ogni anno parecchie centinaia di ragazzi con generale apprezzamento dei loro insegnanti. Il Tutor linguistico del Cestim, nelle scuole partner, potr\u00e0 dare continuit\u00e0 alle azioni del Cestim, coordinando le attivit\u00e0 di supporto linguistico proposte sia in orario scolastico che in orario extrascolastico. Tra i suoi compiti ha infatti anche quelli di collaborare con la scuola nell\u2019organizzazione dei doposcuola e corsi estivi Cestim. Il tutor assume quindi un ruolo di cerniera che permette di rafforzare la collaborazione tra il Cestim e la Scuola.<br><\/p>\n\n\n\n<h1 class=\"wp-block-heading has-foreground-color has-text-color has-poppins-font-family has-medium-font-size\">MODALIT\u00c0 DI MONITORAGGIO DEL PROGETTO<\/h1>\n\n\n\n<p>Lo staff del Cestim effettuer\u00e0 un monitoraggio in itinere attraverso incontri mensili con i tutor linguistici e gli insegnanti Funzione Strumentale. Per una valutazione sull\u2019efficacia del progetto si utilizzeranno diversi strumenti, a titolo esemplificativo: Somministrazione agli alunni di test linguistici all\u2019inizio e alla fine dell\u2019anno scolastico. Somministrazione di questionari agli alunni seguiti e ai docenti della scuola coinvolti.<\/p>\n","protected":false},"excerpt":{"rendered":"<p>COS&#8217;\u00c8 IL TUTOR LINGUISTICO Il tutor linguistico, che il Cestim propone con questo progetto, \u00e8 una figura impegnata per circa 20 ore la settimana a supportare gli insegnanti della scuola nel dare le necessarie risposte ai bisogni linguistici degli alunni con background migratorio.&nbsp; Una figura competente e motivata, impegnata nello studio e implementazione di strategie [&hellip;]<\/p>\n","protected":false},"author":1,"featured_media":0,"parent":0,"menu_order":0,"comment_status":"closed","ping_status":"closed","template":"","meta":{"kia_subtitle":"Per il potenziamento delle competenze linguistiche degli alunni con background migratorio","footnotes":""},"class_list":["post-165","page","type-page","status-publish","hentry"],"_links":{"self":[{"href":"https:\/\/scuola.cestim.it\/index.php\/wp-json\/wp\/v2\/pages\/165","targetHints":{"allow":["GET"]}}],"collection":[{"href":"https:\/\/scuola.cestim.it\/index.php\/wp-json\/wp\/v2\/pages"}],"about":[{"href":"https:\/\/scuola.cestim.it\/index.php\/wp-json\/wp\/v2\/types\/page"}],"author":[{"embeddable":true,"href":"https:\/\/scuola.cestim.it\/index.php\/wp-json\/wp\/v2\/users\/1"}],"replies":[{"embeddable":true,"href":"https:\/\/scuola.cestim.it\/index.php\/wp-json\/wp\/v2\/comments?post=165"}],"version-history":[{"count":15,"href":"https:\/\/scuola.cestim.it\/index.php\/wp-json\/wp\/v2\/pages\/165\/revisions"}],"predecessor-version":[{"id":447,"href":"https:\/\/scuola.cestim.it\/index.php\/wp-json\/wp\/v2\/pages\/165\/revisions\/447"}],"wp:attachment":[{"href":"https:\/\/scuola.cestim.it\/index.php\/wp-json\/wp\/v2\/media?parent=165"}],"curies":[{"name":"wp","href":"https:\/\/api.w.org\/{rel}","templated":true}]}}