{"id":255,"date":"2025-12-10T22:41:45","date_gmt":"2025-12-10T21:41:45","guid":{"rendered":"\/?page_id=255"},"modified":"2025-12-10T22:41:45","modified_gmt":"2025-12-10T21:41:45","slug":"studenti-pcto-al-cestim","status":"publish","type":"page","link":"https:\/\/scuola.cestim.it\/index.php\/studenti-pcto-al-cestim\/","title":{"rendered":"Studenti PCTO al Cestim"},"content":{"rendered":"\n<p class=\"has-foreground-color has-text-color\"><strong>DOPOSCUOLA &#8211; STUDIO ASSISTITO<\/strong><br><\/p>\n\n\n\n<p>I doposcuola Cestim sono corsi pomeridiani dove i nostri collaboratori assistono i figli di immigrati nell&#8217;esecuzione dei compiti per casa e li sostengono nello studio. Gli studenti in PCTO verrebbero quindi messi in affiancamento a dei collaboratori nello svolgimento di queste attivit\u00e0, fornendo supporto pi\u00f9 o meno specifico a seconda delle necessit\u00e0. I doposcuola hanno di solito inizio tra la fine di gennaio e l&#8217;inizio di febbraio e terminano a fine maggio 2023. Si svolgono in diverse scuole del comune e della provincia di Verona e in alcuni comuni dell&#8217;ovest vicentino: siamo in grado di confermare l&#8217;attivazione delle varie sedi solo una volta completata l\u2019organizzazione. Le attivit\u00e0 si svolgono di norma in orario pomeridiano tra le 14 e le 17.<br><\/p>\n\n\n\n<p>Il monte ore raggiungibile tramite questa attivit\u00e0 \u00e8 flessibile: seguendo un solo doposcuola, il totale \u00e8 di quattro ore settimanali. Per una presenza pi\u00f9 o meno esigua, \u00e8 possibile concordare l&#8217;orario con lo staff del Cestim.<br><\/p>\n\n\n\n<p>Potrebbe essere richiesta la partecipazione a degli incontri di formazione o di conoscenza.<br><\/p>\n\n\n\n<p class=\"has-foreground-color has-text-color\"><strong>CORSI ESTIVI<\/strong><br><\/p>\n\n\n\n<p>Per quanto riguarda il periodo estivo invece, gli studenti dovrebbero essere inseriti nei corsi estivi Cestim, durante i quali i nostri operatori seguono gruppi 10\/12 ragazzi con background migratorio nello svolgimento di attivit\u00e0 laboratoriali per l&#8217;acquisizione ed il potenziamento della lingua italiana, in un contesto pi\u00f9 sciolto e ludico rispetto a quello scolastico.<br><\/p>\n\n\n\n<p>Il compito degli studenti, in questo caso, sarebbe l&#8217;affiancamento dei nostri operatori nello svolgimento delle attivit\u00e0 proposte durante le varie giornate organizzate.<br><\/p>\n\n\n\n<p>I corsi estivi hanno una durata di quattro settimane, di solito durante il mese di luglio. Hanno luogo ogni mattina dal luned\u00ec al venerd\u00ec, per 3\/3.5 ore giornaliere. A seconda del bisogno e della disponibilit\u00e0, gli studenti possono scegliere uno o pi\u00f9 giorni della settimana in cui partecipare. Di solito le sedi dei corsi coprono il comune di Verona e varie scuole della provincia: siamo in grado di confermare l&#8217;attivazione delle varie sedi solo una volta completata l\u2019organizzazione.<br><\/p>\n\n\n\n<p>Potrebbe essere richiesta la partecipazione a degli incontri di formazione o di conoscenza.<br><\/p>\n\n\n\n<p class=\"has-foreground-color has-text-color\"><strong>ATTIVAZIONE<\/strong><br><\/p>\n\n\n\n<p>In caso di interesse, \u00e8 necessario rivolgersi alla segreteria della propria scuola per ricevere la documentazione necessaria. Ogni scuola ha differenti modalit\u00e0 di attivazione, ma di solito la modulistica comprende:<br><\/p>\n\n\n\n<ul class=\"wp-block-list\">\n<li>La convenzione (\u00e8 possibile che ce ne sia gi\u00e0 una in atto e di conseguenza non sia necessaria una nuova firma.)<\/li>\n\n\n\n<li>Un eventuale progetto formativo<\/li>\n\n\n\n<li>Un\u2019eventuale scheda di valutazione.<\/li>\n<\/ul>\n\n\n\n<p><br><\/p>\n\n\n\n<p>Una volta ottenuta la documentazione, \u00e8 possibile contattare il Cestim e organizzare un incontro conoscitivo per stabilire le tempistiche di inizio progetto.<br><\/p>\n\n\n\n<p class=\"has-foreground-color has-text-color\"><strong>INFORMAZIONI<\/strong><br><\/p>\n\n\n\n<p>Per ulteriori informazioni, siete pregati di contattarci in ufficio tramite mail a pcto@cestim.it, altrimenti per via telefonica dalle 8.30 alle 15.30 allo 045 8011032.<\/p>\n","protected":false},"excerpt":{"rendered":"<p>DOPOSCUOLA &#8211; STUDIO ASSISTITO I doposcuola Cestim sono corsi pomeridiani dove i nostri collaboratori assistono i figli di immigrati nell&#8217;esecuzione dei compiti per casa e li sostengono nello studio. Gli studenti in PCTO verrebbero quindi messi in affiancamento a dei collaboratori nello svolgimento di queste attivit\u00e0, fornendo supporto pi\u00f9 o meno specifico a seconda delle [&hellip;]<\/p>\n","protected":false},"author":1,"featured_media":0,"parent":0,"menu_order":0,"comment_status":"closed","ping_status":"closed","template":"","meta":{"kia_subtitle":"Come attivare un PCTO al Cestim","footnotes":""},"class_list":["post-255","page","type-page","status-publish","hentry"],"_links":{"self":[{"href":"https:\/\/scuola.cestim.it\/index.php\/wp-json\/wp\/v2\/pages\/255","targetHints":{"allow":["GET"]}}],"collection":[{"href":"https:\/\/scuola.cestim.it\/index.php\/wp-json\/wp\/v2\/pages"}],"about":[{"href":"https:\/\/scuola.cestim.it\/index.php\/wp-json\/wp\/v2\/types\/page"}],"author":[{"embeddable":true,"href":"https:\/\/scuola.cestim.it\/index.php\/wp-json\/wp\/v2\/users\/1"}],"replies":[{"embeddable":true,"href":"https:\/\/scuola.cestim.it\/index.php\/wp-json\/wp\/v2\/comments?post=255"}],"version-history":[{"count":1,"href":"https:\/\/scuola.cestim.it\/index.php\/wp-json\/wp\/v2\/pages\/255\/revisions"}],"predecessor-version":[{"id":256,"href":"https:\/\/scuola.cestim.it\/index.php\/wp-json\/wp\/v2\/pages\/255\/revisions\/256"}],"wp:attachment":[{"href":"https:\/\/scuola.cestim.it\/index.php\/wp-json\/wp\/v2\/media?parent=255"}],"curies":[{"name":"wp","href":"https:\/\/api.w.org\/{rel}","templated":true}]}}