{"id":329,"date":"2025-12-17T21:18:23","date_gmt":"2025-12-17T20:18:23","guid":{"rendered":"\/?page_id=329"},"modified":"2026-02-10T12:09:58","modified_gmt":"2026-02-10T11:09:58","slug":"corsi-estivi-cestim-3","status":"publish","type":"page","link":"https:\/\/scuola.cestim.it\/index.php\/corsi-estivi-cestim-3\/","title":{"rendered":"Corsi Estivi Cestim II"},"content":{"rendered":"\n<p><br><\/p>\n\n\n\n<h1 class=\"wp-block-heading\">COS\u2019\u00c8 IL CORSO ESTIVO CESTIM<\/h1>\n\n\n\n<p>Il Corso Estivo Cestim \u00e8 un <strong>servizio finalizzato all\u2019acquisizione, recupero e rafforzamento delle competenze linguistiche degli studenti di madrelingua non italiana delle scuole secondarie<\/strong> di I e II grado di Verona e Provincia. Per questi alunni, spesso penalizzati nelle loro chance di successo scolastico per una mancata o poco approfondita conoscenza della lingua italiana, le vacanze estive possono rappresentare un\u2019opportunit\u00e0 formativa importante ai fini di una buona e pi\u00f9 rapida integrazione scolastica.<br><\/p>\n\n\n\n<h1 class=\"wp-block-heading\">A CHI \u00c8 RIVOLTO<\/h1>\n\n\n\n<p>Il corso \u00e8 rivolto agli <strong>alunni figli di immigrati<\/strong> in uscita dal terzo anno della scuola secondaria di I grado e\/o frequentanti gli Istituti della scuola secondaria di II grado di Verona e Provincia. I destinatari sono sia i neo-arrivati sia gli studenti che, nati in Italia o di non recente immigrazione, possano beneficiare di un percorso di approfondimento ed esercitazione della lingua formale e dello studio. I destinatari sono esclusivamente studenti che abbiano intrapreso o intendano avviare un percorso di istruzione superiore.<br><\/p>\n\n\n\n<h1 class=\"wp-block-heading\">CHI SONO GLI INSEGNANTI<\/h1>\n\n\n\n<p>I collaboratori del Cestim, sono laureati in materie umanistiche orientati all&#8217;insegnamento e formati nella didattica dell&#8217;italiano come seconda lingua e nell&#8217;approccio interculturale.<\/p>\n\n\n\n<p><br><\/p>\n\n\n\n<div class=\"wp-block-columns is-layout-flex wp-container-core-columns-is-layout-d0b3c9c8 wp-block-columns-is-layout-flex\">\n<div class=\"wp-block-column is-layout-flow wp-block-column-is-layout-flow\" style=\"flex-basis:66.66%\">\n<p><\/p>\n\n\n\n<h1 class=\"wp-block-heading\">METODOLOGIA DIDATTICA E MODALIT\u00c0 ORGANIZZATIVE<\/h1>\n\n\n\n<p>Il corso estivo prevede un test di ingresso iniziale in base al quale gli studenti vengono suddivisi in classi di circa 15 alunni, dal livello base A1 al livello intermedio avanzato B2 del Framework Europeo per le lingue. I corsi prevedono l\u2019utilizzo di un manuale (fornito dal Cestim), materiali e dispense ad hoc e un\u2019ampia parte laboratoriale fondata sulla didattica ludica, sull\u2019utilizzo di materiali autentico, sull\u2019apprendimento cooperativo, drammatizzazioni, e finalizzata al rafforzamento delle abilit\u00e0 di comprensione e produzione orale e scritta.<\/p>\n<\/div>\n\n\n\n<div class=\"wp-block-column is-layout-flow wp-block-column-is-layout-flow\" style=\"flex-basis:33.33%\">\n<figure class=\"wp-block-image size-full is-resized\"><img loading=\"lazy\" decoding=\"async\" width=\"788\" height=\"788\" src=\"\/wp-content\/uploads\/2025\/12\/secondaria_2.jpg\" alt=\"\" class=\"wp-image-327\" style=\"width:222px;height:auto\" srcset=\"https:\/\/scuola.cestim.it\/wp-content\/uploads\/2025\/12\/secondaria_2.jpg 788w, https:\/\/scuola.cestim.it\/wp-content\/uploads\/2025\/12\/secondaria_2-300x300.jpg 300w, https:\/\/scuola.cestim.it\/wp-content\/uploads\/2025\/12\/secondaria_2-150x150.jpg 150w, https:\/\/scuola.cestim.it\/wp-content\/uploads\/2025\/12\/secondaria_2-768x768.jpg 768w\" sizes=\"auto, (max-width: 788px) 100vw, 788px\" \/><\/figure>\n\n\n\n<p><\/p>\n<\/div>\n<\/div>\n\n\n\n<h1 class=\"wp-block-heading\">TEMPI E DURATA<\/h1>\n\n\n\n<p>I Corsi si svolgono nel mese di luglio, tutte le mattine dal luned\u00ec al venerd\u00ec, in una sede scolastica del comune di Verona. Sede e calendario verranno comunicati dalla scuola tramite circolare.<br><br><\/p>\n\n\n\n<div class=\"wp-block-columns is-layout-flex wp-container-core-columns-is-layout-d0b3c9c8 wp-block-columns-is-layout-flex\">\n<div class=\"wp-block-column is-layout-flow wp-block-column-is-layout-flow\" style=\"flex-basis:33.33%\">\n<figure class=\"wp-block-image size-full is-resized\" style=\"margin-right:var(--wp--preset--spacing--30);margin-left:var(--wp--preset--spacing--30)\"><img loading=\"lazy\" decoding=\"async\" width=\"500\" height=\"400\" src=\"\/wp-content\/uploads\/2025\/12\/secondaria_3.jpg\" alt=\"\" class=\"wp-image-326\" style=\"width:458px;height:auto\" srcset=\"https:\/\/scuola.cestim.it\/wp-content\/uploads\/2025\/12\/secondaria_3.jpg 500w, https:\/\/scuola.cestim.it\/wp-content\/uploads\/2025\/12\/secondaria_3-300x240.jpg 300w\" sizes=\"auto, (max-width: 500px) 100vw, 500px\" \/><\/figure>\n<\/div>\n\n\n\n<div class=\"wp-block-column is-layout-flow wp-block-column-is-layout-flow\" style=\"flex-basis:66.66%\">\n<h1 class=\"wp-block-heading\">CONTRIBUTO RICHIESTO ALLE FAMIGLIE<\/h1>\n\n\n\n<p>Alle famiglie viene chiesto di contribuire in maniera simbolica ai costi sostenuti. Il contributo \u00e8 di 30 euro per nucleo familiare. La Direzione scolastica, a fronte di difficolt\u00e0 economiche di alcune famiglie e nel caso in cui non possa provvedere essa stessa in loro vece, potr\u00e0 richiedere al Cestim di esonerare la famiglia dal versamento del contributo.<\/p>\n<\/div>\n<\/div>\n","protected":false},"excerpt":{"rendered":"<p>COS\u2019\u00c8 IL CORSO ESTIVO CESTIM Il Corso Estivo Cestim \u00e8 un servizio finalizzato all\u2019acquisizione, recupero e rafforzamento delle competenze linguistiche degli studenti di madrelingua non italiana delle scuole secondarie di I e II grado di Verona e Provincia. Per questi alunni, spesso penalizzati nelle loro chance di successo scolastico per una mancata o poco approfondita [&hellip;]<\/p>\n","protected":false},"author":1,"featured_media":0,"parent":0,"menu_order":0,"comment_status":"closed","ping_status":"closed","template":"","meta":{"kia_subtitle":"Scuola secondaria di II\u00b0 grado","footnotes":""},"class_list":["post-329","page","type-page","status-publish","hentry"],"_links":{"self":[{"href":"https:\/\/scuola.cestim.it\/index.php\/wp-json\/wp\/v2\/pages\/329","targetHints":{"allow":["GET"]}}],"collection":[{"href":"https:\/\/scuola.cestim.it\/index.php\/wp-json\/wp\/v2\/pages"}],"about":[{"href":"https:\/\/scuola.cestim.it\/index.php\/wp-json\/wp\/v2\/types\/page"}],"author":[{"embeddable":true,"href":"https:\/\/scuola.cestim.it\/index.php\/wp-json\/wp\/v2\/users\/1"}],"replies":[{"embeddable":true,"href":"https:\/\/scuola.cestim.it\/index.php\/wp-json\/wp\/v2\/comments?post=329"}],"version-history":[{"count":14,"href":"https:\/\/scuola.cestim.it\/index.php\/wp-json\/wp\/v2\/pages\/329\/revisions"}],"predecessor-version":[{"id":588,"href":"https:\/\/scuola.cestim.it\/index.php\/wp-json\/wp\/v2\/pages\/329\/revisions\/588"}],"wp:attachment":[{"href":"https:\/\/scuola.cestim.it\/index.php\/wp-json\/wp\/v2\/media?parent=329"}],"curies":[{"name":"wp","href":"https:\/\/api.w.org\/{rel}","templated":true}]}}