{"id":367,"date":"2025-12-17T21:55:54","date_gmt":"2025-12-17T20:55:54","guid":{"rendered":"\/?page_id=367"},"modified":"2025-12-21T21:03:35","modified_gmt":"2025-12-21T20:03:35","slug":"volontariato-per-il-supporto-linguistico","status":"publish","type":"page","link":"https:\/\/scuola.cestim.it\/index.php\/volontariato-per-il-supporto-linguistico\/","title":{"rendered":"Volontariato per il supporto linguistico"},"content":{"rendered":"\n<figure class=\"wp-block-image size-full\"><img loading=\"lazy\" decoding=\"async\" width=\"2560\" height=\"602\" src=\"\/wp-content\/uploads\/2025\/12\/volontariato_copertina-scaled.jpg\" alt=\"\" class=\"wp-image-289\" srcset=\"https:\/\/scuola.cestim.it\/wp-content\/uploads\/2025\/12\/volontariato_copertina-scaled.jpg 2560w, https:\/\/scuola.cestim.it\/wp-content\/uploads\/2025\/12\/volontariato_copertina-300x71.jpg 300w, https:\/\/scuola.cestim.it\/wp-content\/uploads\/2025\/12\/volontariato_copertina-1024x241.jpg 1024w, https:\/\/scuola.cestim.it\/wp-content\/uploads\/2025\/12\/volontariato_copertina-768x181.jpg 768w, https:\/\/scuola.cestim.it\/wp-content\/uploads\/2025\/12\/volontariato_copertina-1536x361.jpg 1536w, https:\/\/scuola.cestim.it\/wp-content\/uploads\/2025\/12\/volontariato_copertina-2048x482.jpg 2048w\" sizes=\"auto, (max-width: 2560px) 100vw, 2560px\" \/><\/figure>\n\n\n\n<p><br><\/p>\n\n\n\n<h1 class=\"wp-block-heading is-style-default\">FINALIT\u00c0<\/h1>\n\n\n\n<p>Con l\u2019azione di volontariato per il supporto linguistico, il Cestim si propone di promuovere e organizzare il volontariato per sostenere gli alunni con background migratorio nel loro percorso di apprendimento della lingua italiana. L\u2019intervento di volontariato avviene in orario scolastico e va inteso come complementare e coordinato con le altre iniziative messe in campo dalla scuola per offrire pari opportunit\u00e0 ai bambini e ragazzi con background migratorio. Non pu\u00f2 rappresentare quindi n\u00e9 l\u2019unica n\u00e9 la principale tra le iniziative previste per rispondere ai bisogni linguistici di tali alunni.<br><\/p>\n\n\n\n<h1 class=\"wp-block-heading has-foreground-color has-text-color\">A CHI \u00c8 RIVOLTO<\/h1>\n\n\n\n<p>L\u2019Azione di volontariato \u00e8 rivolta ad alunni e studenti, dalla primaria alla secondaria di II\u00b0 grado, provenienti da contesti migratori con competenze in lingua italiana non superiori al livello A2 del QCER (Quadro Comune Europeo di Riferimento per la conoscenza delle lingue), che siano in Italia da non pi\u00f9 di 3 anni. L\u2019intervento dei volontari Cestim non \u00e8 pensato per poter rispondere ai bisogni degli alunni con disturbi specifici dell\u2019apprendimento. Eventuali eccezioni a questi criteri dovranno essere adeguatamente motivate e concordate con il coordinamento del progetto.<br><br><\/p>\n\n\n\n<div class=\"wp-block-columns is-layout-flex wp-container-core-columns-is-layout-d0b3c9c8 wp-block-columns-is-layout-flex\">\n<div class=\"wp-block-column is-layout-flow wp-block-column-is-layout-flow\" style=\"flex-basis:66.66%\">\n<h1 class=\"wp-block-heading\">CHI SONO I VOLONTARI DEL CESTIM<\/h1>\n\n\n\n<p>I volontari del Cestim sono insegnanti in pensione, studenti universitari e altre persone &#8211; comunque in possesso di diploma di scuola media superiore &#8211; selezionate, formate nell\u2019approccio interculturale e nelle difficolt\u00e0 linguistiche di un apprendente L2 e accompagnate nel loro percorso dal Cestim. Il volontario del Cestim non \u00e8 un esperto di insegnamento dell\u2019italiano L2. Il suo intervento deve essere quindi limitato alla funzione di esercitatore linguistico, che accompagna l\u2019alunno nel percorso di apprendimento della lingua italiana a partire dalle indicazioni fornite dall\u2019insegnante di classe.<\/p>\n<\/div>\n\n\n\n<div class=\"wp-block-column is-layout-flow wp-block-column-is-layout-flow\" style=\"flex-basis:33.33%\">\n<figure class=\"wp-block-image size-full is-resized\" style=\"margin-right:var(--wp--preset--spacing--30);margin-left:var(--wp--preset--spacing--30)\"><img loading=\"lazy\" decoding=\"async\" width=\"788\" height=\"788\" src=\"\/wp-content\/uploads\/2025\/12\/secondaria_2.jpg\" alt=\"\" class=\"wp-image-327\" style=\"aspect-ratio:1.2503263379857414;width:548px;height:auto\" srcset=\"https:\/\/scuola.cestim.it\/wp-content\/uploads\/2025\/12\/secondaria_2.jpg 788w, https:\/\/scuola.cestim.it\/wp-content\/uploads\/2025\/12\/secondaria_2-300x300.jpg 300w, https:\/\/scuola.cestim.it\/wp-content\/uploads\/2025\/12\/secondaria_2-150x150.jpg 150w, https:\/\/scuola.cestim.it\/wp-content\/uploads\/2025\/12\/secondaria_2-768x768.jpg 768w\" sizes=\"auto, (max-width: 788px) 100vw, 788px\" \/><\/figure>\n<\/div>\n<\/div>\n\n\n\n<h1 class=\"wp-block-heading\"><br>MODALIT\u00c0 ORGANIZZATIVE<\/h1>\n\n\n\n<p>Con il volontario si concorda:<\/p>\n\n\n\n<ul class=\"wp-block-list\">\n<li>un orario programmato di sua presenza settimanale non inferiore alle 2 ore e in ogni caso mai superiore alle 6 ore;<\/li>\n\n\n\n<li>la presa in carico di un solo studente alla volta o di un piccolo gruppo di alunni (2-3), se necessario per l\u2019intero anno scolastico;<\/li>\n\n\n\n<li>l\u2019uscita dalla classe dello studente solo nell\u2019orario scolastico corrispondente a lezioni che l\u2019alunno, per le competenze linguistiche, non sarebbe in grado di seguire in autonomia;<\/li>\n\n\n\n<li>una prestazione nei confronti dell\u2019alunno rivolta a favorire la competenza linguistica, lavorando in particolare sull\u2019interazione orale, sull\u2019ampliamento del lessico e delle strutture di base e sulla comprensione dei testi, sempre seguendo le indicazioni didattiche fornite di volta in volta dall\u2019insegnante di classe dell\u2019alunno;<\/li>\n\n\n\n<li>una modalit\u00e0 di intervento che si coordini con le altre iniziative attivate dalla scuola a favore dello studente seguito.<\/li>\n<\/ul>\n\n\n\n<p><\/p>\n\n\n\n<h1 class=\"wp-block-heading has-foreground-color has-text-color\"><strong>CONTRIBUTO RICHIESTO ALLA SCUOLA<\/strong><\/h1>\n\n\n\n<p>Nessuno<br><\/p>\n\n\n\n<h1 class=\"wp-block-heading has-foreground-color has-text-color\"><strong>CONTRIBUTO RICHIESTO ALLA FAMIGLIA<\/strong><\/h1>\n\n\n\n<p>Nessuno<\/p>\n","protected":false},"excerpt":{"rendered":"<p>FINALIT\u00c0 Con l\u2019azione di volontariato per il supporto linguistico, il Cestim si propone di promuovere e organizzare il volontariato per sostenere gli alunni con background migratorio nel loro percorso di apprendimento della lingua italiana. L\u2019intervento di volontariato avviene in orario scolastico e va inteso come complementare e coordinato con le altre iniziative messe in campo [&hellip;]<\/p>\n","protected":false},"author":1,"featured_media":0,"parent":0,"menu_order":0,"comment_status":"closed","ping_status":"closed","template":"","meta":{"kia_subtitle":"Scuola Secondaria","footnotes":""},"class_list":["post-367","page","type-page","status-publish","hentry"],"_links":{"self":[{"href":"https:\/\/scuola.cestim.it\/index.php\/wp-json\/wp\/v2\/pages\/367","targetHints":{"allow":["GET"]}}],"collection":[{"href":"https:\/\/scuola.cestim.it\/index.php\/wp-json\/wp\/v2\/pages"}],"about":[{"href":"https:\/\/scuola.cestim.it\/index.php\/wp-json\/wp\/v2\/types\/page"}],"author":[{"embeddable":true,"href":"https:\/\/scuola.cestim.it\/index.php\/wp-json\/wp\/v2\/users\/1"}],"replies":[{"embeddable":true,"href":"https:\/\/scuola.cestim.it\/index.php\/wp-json\/wp\/v2\/comments?post=367"}],"version-history":[{"count":2,"href":"https:\/\/scuola.cestim.it\/index.php\/wp-json\/wp\/v2\/pages\/367\/revisions"}],"predecessor-version":[{"id":440,"href":"https:\/\/scuola.cestim.it\/index.php\/wp-json\/wp\/v2\/pages\/367\/revisions\/440"}],"wp:attachment":[{"href":"https:\/\/scuola.cestim.it\/index.php\/wp-json\/wp\/v2\/media?parent=367"}],"curies":[{"name":"wp","href":"https:\/\/api.w.org\/{rel}","templated":true}]}}