{"id":376,"date":"2025-12-17T22:05:17","date_gmt":"2025-12-17T21:05:17","guid":{"rendered":"\/?page_id=376"},"modified":"2026-02-10T12:13:25","modified_gmt":"2026-02-10T11:13:25","slug":"laboratori-linguistici-di-italiano-di-base","status":"publish","type":"page","link":"https:\/\/scuola.cestim.it\/index.php\/laboratori-linguistici-di-italiano-di-base\/","title":{"rendered":"Laboratori linguistici di italiano di base"},"content":{"rendered":"\n<p><br><\/p>\n\n\n\n<h1 class=\"wp-block-heading has-large-font-size\">LABORATORI LINGUISTICI BREVI DI ITALIANO DI BASE<\/h1>\n\n\n\n<p>Il laboratorio linguistico breve viene realizzato in orario scolastico o extrascolastico ed \u00e8 finalizzato a fornire un primo supporto linguistico ad alunni e  studenti neoarrivati che necessitino di acquisire le competenze linguistiche nell\u2019italiano della prima comunicazione.<br><\/p>\n\n\n\n<h2 class=\"wp-block-heading has-foreground-color has-text-color\">A CHI \u00c8 RIVOLTO<\/h2>\n\n\n\n<p>Il laboratorio \u00e8 rivolto ad alunni di madrelingua non italiana della scuola primaria e della scuola secondaria di I grado di recente immigrazione che non abbiano ancora raggiunto il livello linguistico A1 del QCER.<br><\/p>\n\n\n\n<h2 class=\"wp-block-heading has-foreground-color has-text-color\">METODOLOGIA DIDATTICA E MODALIT\u00c0 ORGANIZZATIVE<\/h2>\n\n\n\n<p>L\u2019 attivit\u00e0 didattica proposta \u00e8 basata su un approccio di tipo comunicativo, ludico e sull\u2019apprendimento cooperativo. Il laboratorio \u00e8 finalizzato in particolare all\u2019acquisizione degli strumenti linguistici per un primo orientamento nell\u2019ambiente scolastico e nella quotidianit\u00e0. A tal fine il docente seguir\u00e0 i percorsi didattici che riterr\u00e0 pi\u00f9 adeguati alle esigenze del gruppo a partire da manuali presenti nella biblioteca del Cestim.<br><\/p>\n\n\n\n<h2 class=\"wp-block-heading has-foreground-color has-text-color\">TEMPI E DURATA<\/h2>\n\n\n\n<p>Il laboratorio ha una durata massima di 30 ore che devono essere concentrate in poche settimane, possibilmente nel primo periodo di ingresso degli alunni a scuola. L\u2019intervento non potr\u00e0 essere inferiore alle 4 ore settimanali. Il laboratorio pu\u00f2 essere organizzato sia in orario scolastico che extrascolastico. Giorni e orari dell\u2019intervento verranno concordati con la scuola.<br><\/p>\n\n\n\n<h2 class=\"wp-block-heading has-foreground-color has-text-color\">N. DI ALUNNI ISCRITTI RICHIESTO PER L\u2019ATTIVAZIONE<\/h2>\n\n\n\n<p>L\u2019Istituto scolastico pu\u00f2 chiedere l\u2019attivazione del laboratorio in presenza diun gruppo di almeno 4 alunni omogenei per et\u00e0 e per bisogni linguistici.<br><\/p>\n\n\n\n<h2 class=\"wp-block-heading has-foreground-color has-text-color\">N. INDICATIVO LABORATORI ATTIVATI PER A.S.: 30<\/h2>\n\n\n\n<p><\/p>\n\n\n\n<h2 class=\"wp-block-heading has-foreground-color has-text-color\">CONTRIBUTO RICHIESTO ALLA SCUOLA:<\/h2>\n\n\n\n<p>200,00 euro per singolo corso<\/p>\n\n\n\n<h2 class=\"wp-block-heading has-foreground-color has-text-color\">CONTRIBUTO RICHIESTO ALLA FAMIGLIA:<\/h2>\n\n\n\n<p>nessuno<br><br><\/p>\n\n\n\n<hr class=\"wp-block-separator has-alpha-channel-opacity is-style-wide\"\/>\n\n\n\n<h1 class=\"wp-block-heading has-large-font-size\"><br><br>LABORATORI LINGUISTICI A DISTANZA<\/h1>\n\n\n\n<p>Il laboratorio linguistico a distanza si svolge in orario extrascolastico ed \u00e8 finalizzato a fornire un supporto<br>linguistico ad alunni e studenti di recente immigrazione che necessitino di acquisire le competenze linguistiche<br>nell\u2019italiano della prima comunicazione.<br><\/p>\n\n\n\n<h2 class=\"wp-block-heading has-foreground-color has-text-color\">A CHI \u00c8 RIVOLTO<\/h2>\n\n\n\n<p>Il laboratorio \u00e8 rivolto ad alunni di madrelingua non italiana della scuola secondaria di I\u00b0 grado di recente immigrazione che non abbiano ancora raggiunto il livello linguistico A1 del QCER.<br>Il servizio \u00e8 pensato per alunni e studenti che frequentano plessi scolastici nei quali non \u00e8 possibile attivare i laboratori in presenza per esempio a causa della mancanza del numero minimo di studenti richiesto.<br><\/p>\n\n\n\n<h2 class=\"wp-block-heading has-foreground-color has-text-color\">METODOLOGIA DIDATTICA E MODALIT\u00c0 ORGANIZZATIVE<\/h2>\n\n\n\n<p>L\u2019attivit\u00e0 didattica proposta \u00e8 basata su un approccio di tipo comunicativo e interattivo. L\u2019ampio uso di applicazioni e risorse online consente di costruire giochi didattici coinvolgenti e altre proposte di didattica cooperativa che favoriscono lo scambio interpersonale con il docente e tra gli alunni. Il laboratorio \u00e8 finalizzato in particolare all\u2019acquisizione degli strumenti linguistici di base per un primo orientamento nell\u2019ambiente scolastico e nella quotidianit\u00e0.<br><\/p>\n\n\n\n<h2 class=\"wp-block-heading has-foreground-color has-text-color\">TEMPI E DURATA<\/h2>\n\n\n\n<p>I laboratori hanno una durata massima di 30 ore che devono essere concentrati possibilmente nel primo periodo di ingresso degli alunni a scuola. L\u2019intervento non potr\u00e0 essere inferiore alle 3 ore settimanali. I laboratori dovranno essere organizzati in orario extrascolastico. Giorni e orari dell\u2019intervento verranno definiti dal Cestim e comunicati alla scuola.<br><\/p>\n\n\n\n<h2 class=\"wp-block-heading has-foreground-color has-text-color\">N. DI ALUNNI ISCRITTI RICHIESTO PER L\u2019ATTIVAZIONE<\/h2>\n\n\n\n<p>I corsi a distanza vengono attivati in presenza di almeno 8 iscritti omogenei per et\u00e0 e per bisogni linguistici.<br><\/p>\n\n\n\n<h2 class=\"wp-block-heading has-foreground-color has-text-color\">N. INDICATIVO LABORATORI ATTIVATI PER A.S.:<\/h2>\n\n\n\n<p>5<\/p>\n\n\n\n<h2 class=\"wp-block-heading has-foreground-color has-text-color\">CONTRIBUTO RICHIESTO ALLA SCUOLA:<\/h2>\n\n\n\n<p>25,00 euro per singolo corso<\/p>\n\n\n\n<h2 class=\"wp-block-heading has-foreground-color has-text-color\">CONTRIBUTO RICHIESTO ALLA FAMIGLIA:<\/h2>\n\n\n\n<p>nessuno<\/p>\n\n\n\n<p><\/p>\n","protected":false},"excerpt":{"rendered":"<p>LABORATORI LINGUISTICI BREVI DI ITALIANO DI BASE Il laboratorio linguistico breve viene realizzato in orario scolastico o extrascolastico ed \u00e8 finalizzato a fornire un primo supporto linguistico ad alunni e studenti neoarrivati che necessitino di acquisire le competenze linguistiche nell\u2019italiano della prima comunicazione. A CHI \u00c8 RIVOLTO Il laboratorio \u00e8 rivolto ad alunni di madrelingua [&hellip;]<\/p>\n","protected":false},"author":1,"featured_media":0,"parent":0,"menu_order":0,"comment_status":"closed","ping_status":"closed","template":"","meta":{"kia_subtitle":"Scuola primaria e secondaria di I\u00b0 grado","footnotes":""},"class_list":["post-376","page","type-page","status-publish","hentry"],"_links":{"self":[{"href":"https:\/\/scuola.cestim.it\/index.php\/wp-json\/wp\/v2\/pages\/376","targetHints":{"allow":["GET"]}}],"collection":[{"href":"https:\/\/scuola.cestim.it\/index.php\/wp-json\/wp\/v2\/pages"}],"about":[{"href":"https:\/\/scuola.cestim.it\/index.php\/wp-json\/wp\/v2\/types\/page"}],"author":[{"embeddable":true,"href":"https:\/\/scuola.cestim.it\/index.php\/wp-json\/wp\/v2\/users\/1"}],"replies":[{"embeddable":true,"href":"https:\/\/scuola.cestim.it\/index.php\/wp-json\/wp\/v2\/comments?post=376"}],"version-history":[{"count":14,"href":"https:\/\/scuola.cestim.it\/index.php\/wp-json\/wp\/v2\/pages\/376\/revisions"}],"predecessor-version":[{"id":592,"href":"https:\/\/scuola.cestim.it\/index.php\/wp-json\/wp\/v2\/pages\/376\/revisions\/592"}],"wp:attachment":[{"href":"https:\/\/scuola.cestim.it\/index.php\/wp-json\/wp\/v2\/media?parent=376"}],"curies":[{"name":"wp","href":"https:\/\/api.w.org\/{rel}","templated":true}]}}