{"id":407,"date":"2025-12-17T22:38:55","date_gmt":"2025-12-17T21:38:55","guid":{"rendered":"\/?page_id=407"},"modified":"2025-12-21T21:18:38","modified_gmt":"2025-12-21T20:18:38","slug":"sostieni-il-cestim","status":"publish","type":"page","link":"https:\/\/scuola.cestim.it\/index.php\/sostieni-il-cestim\/","title":{"rendered":"Sostieni il Cestim"},"content":{"rendered":"\n<figure class=\"wp-block-image aligncenter size-full is-resized\"><img loading=\"lazy\" decoding=\"async\" width=\"1170\" height=\"433\" src=\"\/wp-content\/uploads\/2025\/12\/dona_copertina.jpg\" alt=\"\" class=\"wp-image-408\" style=\"aspect-ratio:2.702176031178954;width:1437px;height:auto\" srcset=\"https:\/\/scuola.cestim.it\/wp-content\/uploads\/2025\/12\/dona_copertina.jpg 1170w, https:\/\/scuola.cestim.it\/wp-content\/uploads\/2025\/12\/dona_copertina-300x111.jpg 300w, https:\/\/scuola.cestim.it\/wp-content\/uploads\/2025\/12\/dona_copertina-1024x379.jpg 1024w, https:\/\/scuola.cestim.it\/wp-content\/uploads\/2025\/12\/dona_copertina-768x284.jpg 768w\" sizes=\"auto, (max-width: 1170px) 100vw, 1170px\" \/><\/figure>\n\n\n\n<p><br><\/p>\n\n\n\n<p><strong>Care amiche, cari amici<\/strong><br>il Cestim \u00e8 impegnato da anni a fianco delle scuole per dare a bambine\/i e ragazze\/i provenienti da contesti migratori le stesse opportunit\u00e0 dei loro coetanei. Oltre a questo, il Cestim \u00e8 attivo anche su molti altri fronti per promuovere l&#8217;inclusione.<br><\/p>\n\n\n\n<p>I nostri progetti hanno continuato a crescere grazie soprattutto al supporto di Fondazione San Zeno, che sostiene il Cestim da pi\u00f9 di vent&#8217;anni, e di altri donatori privati. Queste risorse sono fondamentali ma non bastano a coprire tutte le necessit\u00e0 che rileviamo soprattutto in ambito scolastico.<br>Per questo abbiamo bisogno anche del vostro sostegno!<br><\/p>\n\n\n\n<p>Se lo ritenete, potete sostenere le nostre attivit\u00e0 con alcune semplici azioni:<br><\/p>\n\n\n\n<h1 class=\"wp-block-heading has-foreground-color has-text-color\">5 X 1000<\/h1>\n\n\n\n<p>Potete destinare al Cestim il 5&#215;1000 nella vostra dichiarazione dei redditi indicando il&nbsp;<strong>C.F. 93039900233.<\/strong>&nbsp;\u00c8 una semplice azione che per\u00f2 pu\u00f2 diventare determinante per noi.<br><\/p>\n\n\n\n<h1 class=\"wp-block-heading has-foreground-color has-text-color\">DONAZIONE SINGOLA<\/h1>\n\n\n\n<p>Con una donazione singola potrai sostenere il Cestim quando e come ritieni pi\u00f9 opportuno. Una scelta che fa la differenza.<br>La donazione pu\u00f2 essere effettuata tramite bonifico sul conto del&nbsp;<strong>Cestim ETS presso Banca Popolare Etica IBAN&nbsp; IT10O0501811700000011102639<\/strong><br><\/p>\n\n\n\n<h1 class=\"wp-block-heading has-foreground-color has-text-color\">DONAZIONE CONTINUA<\/h1>\n\n\n\n<p>Se scegli la donazione continua scegli di sostenere il Cestim in tutti i suoi progetti, costruendo nuove possibilit\u00e0 di crescita e nuove azioni da mettere in campo.<br>La donazione pu\u00f2 essere effettuata tramite bonifico sul conto del&nbsp;<strong>Cestim ETS presso Banca Popolare Etica IBAN&nbsp; IT10O0501811700000011102639<\/strong><\/p>\n\n\n\n<p><\/p>\n\n\n\n<p>Potete suggerire la possibilit\u00e0 di effettuare delle donazioni saltuarie o continuative al Cestim anche ad amici sensibili alle tematiche di cui si occupa il Cestim, precisando che il 30% di quanto donato potr\u00e0 essere detratto dalla dichiarazione dei redditi.<br><\/p>\n\n\n\n<p>Le persone interessate a effettuare una donazione una tantum al Cestim possono mettersi in contatto con la nostra amministrazione per ricevere maggiori informazioni: admin@cestim.it &#8211; 045.8011032<br><\/p>\n\n\n\n<h1 class=\"wp-block-heading has-foreground-color has-text-color\">SPONSOR PRIVATI<\/h1>\n\n\n\n<p>Le imprese potenzialmente interessate a sostenere o sponsorizzare realt\u00e0 del privato sociale attraverso piccole donazioni continuative (da 100 o pi\u00f9 euro all&#8217;anno) possono dedurre l\u2019importo donato senza limite assoluto ma entro il 10% del reddito complessivo dichiarato.<br><\/p>\n\n\n\n<p class=\"has-foreground-color has-text-color\"><strong><a href=\"\/wp-content\/uploads\/2025\/12\/CESTIM_FUNDRAISING.pdf\" data-type=\"attachment\" data-id=\"414\">SCARICA LA PRESENTAZIONE CON LE ATTIVIT\u00c0 DEL CESTIM<br><\/a><\/strong><\/p>\n\n\n\n<p class=\"has-foreground-color has-text-color\"><strong><a href=\"\/wp-content\/uploads\/2025\/12\/dona_5x1000.jpg\" data-type=\"attachment\" data-id=\"415\">SCARICA IL BIGLIETTO DEL 5X1000 DA PORTARE CON TE<\/a><\/strong><\/p>\n\n\n\n<p><br><\/p>\n\n\n\n<figure class=\"wp-block-image aligncenter size-full\"><img loading=\"lazy\" decoding=\"async\" width=\"960\" height=\"540\" src=\"\/wp-content\/uploads\/2025\/12\/dona_1.jpg\" alt=\"\" class=\"wp-image-417\" srcset=\"https:\/\/scuola.cestim.it\/wp-content\/uploads\/2025\/12\/dona_1.jpg 960w, https:\/\/scuola.cestim.it\/wp-content\/uploads\/2025\/12\/dona_1-300x169.jpg 300w, https:\/\/scuola.cestim.it\/wp-content\/uploads\/2025\/12\/dona_1-768x432.jpg 768w\" sizes=\"auto, (max-width: 960px) 100vw, 960px\" \/><\/figure>\n","protected":false},"excerpt":{"rendered":"<p>Care amiche, cari amiciil Cestim \u00e8 impegnato da anni a fianco delle scuole per dare a bambine\/i e ragazze\/i provenienti da contesti migratori le stesse opportunit\u00e0 dei loro coetanei. Oltre a questo, il Cestim \u00e8 attivo anche su molti altri fronti per promuovere l&#8217;inclusione. I nostri progetti hanno continuato a crescere grazie soprattutto al supporto [&hellip;]<\/p>\n","protected":false},"author":1,"featured_media":0,"parent":0,"menu_order":0,"comment_status":"closed","ping_status":"closed","template":"","meta":{"kia_subtitle":"Sostieni le nostre attivit\u00e0 con semplici azioni","footnotes":""},"class_list":["post-407","page","type-page","status-publish","hentry"],"_links":{"self":[{"href":"https:\/\/scuola.cestim.it\/index.php\/wp-json\/wp\/v2\/pages\/407","targetHints":{"allow":["GET"]}}],"collection":[{"href":"https:\/\/scuola.cestim.it\/index.php\/wp-json\/wp\/v2\/pages"}],"about":[{"href":"https:\/\/scuola.cestim.it\/index.php\/wp-json\/wp\/v2\/types\/page"}],"author":[{"embeddable":true,"href":"https:\/\/scuola.cestim.it\/index.php\/wp-json\/wp\/v2\/users\/1"}],"replies":[{"embeddable":true,"href":"https:\/\/scuola.cestim.it\/index.php\/wp-json\/wp\/v2\/comments?post=407"}],"version-history":[{"count":13,"href":"https:\/\/scuola.cestim.it\/index.php\/wp-json\/wp\/v2\/pages\/407\/revisions"}],"predecessor-version":[{"id":462,"href":"https:\/\/scuola.cestim.it\/index.php\/wp-json\/wp\/v2\/pages\/407\/revisions\/462"}],"wp:attachment":[{"href":"https:\/\/scuola.cestim.it\/index.php\/wp-json\/wp\/v2\/media?parent=407"}],"curies":[{"name":"wp","href":"https:\/\/api.w.org\/{rel}","templated":true}]}}