{"id":84,"date":"2025-12-07T20:27:15","date_gmt":"2025-12-07T19:27:15","guid":{"rendered":"\/?page_id=84"},"modified":"2026-01-27T12:13:20","modified_gmt":"2026-01-27T11:13:20","slug":"protocollo-di-intesa-generale-cestim-scuole","status":"publish","type":"page","link":"https:\/\/scuola.cestim.it\/index.php\/protocollo-di-intesa-generale-cestim-scuole\/","title":{"rendered":"Protocollo di intesa generale Cestim-Scuole"},"content":{"rendered":"\n<p><\/p>\n\n\n\n<p>La sottoscrizione del protocollo \u00e8 necessaria per poter avviare le Azioni proposte dal Cestim in collaborazione con la <strong>Rete Tante Tinte<\/strong> per il <strong>rafforzamento delle competenze linguistiche<\/strong> <strong>degli alunni e studenti provenienti da contesti migratori.<\/strong><br><\/p>\n\n\n\n<p>L&#8217;accordo avr\u00e0 una durata triennale: <strong>dall\u2019a.s. 2023-2024 all\u2019a.s. 2025-2026<\/strong>.<br><\/p>\n\n\n\n<p>La firma del protocollo non determiner\u00e0 di per s\u00e9 l&#8217;implementazione degli interventi richiesti ma metter\u00e0 la scuola nella condizione di chiedere, se e quando lo riterr\u00e0 opportuno, l&#8217;attivazione di una delle Azioni di progetto.<br><\/p>\n\n\n\n<p>I destinatari, le finalit\u00e0 e le modalit\u00e0 operative delle Azioni previste dal <strong>progetto &#8220;Primo, Imparare bene la lingua&#8221; <\/strong>sono spiegati in maniera dettagliata nelle schede illustrative allegate al Protocollo.<br><\/p>\n\n\n\n<p>Come da prassi consolidata nell&#8217;ultimo triennio, per ogni azione effettivamente attuata, verr\u00e0 chiesta una compartecipazione economica anche alla scuola e alle famiglie (nel protocollo \u00e8 specificato in maniera dettagliata il contributo richiesto).&nbsp;<br><\/p>\n\n\n\n<p>Cercheremo come sempre di rispondere al meglio alle richieste ricevute coordinandoci con la <strong>Rete Tante Tinte<\/strong> in un&#8217;ottica di efficientamento e di integrazione dei servizi e delle altre progettualit\u00e0 che verranno avviate in futuro.<br><\/p>\n\n\n\n<p>Il protocollo dovr\u00e0 essere approvato dagli organi collegiali di Istituto e inviato al Cestim all&#8217;indirizzo mail <strong>matteo.danese@cestim.it<\/strong><br><br><br><\/p>\n\n\n\n<p class=\"has-text-align-center\">Scarica il protocollo:<br><\/p>\n\n\n\n<p class=\"has-text-align-center\"><a href=\"\/wp-content\/uploads\/2025\/12\/PROTOCOLLO-CESTIM-23-26_primaria.pdf\" data-type=\"attachment\" data-id=\"265\">Protocollo per Istituti Comprensivi<\/a>&nbsp;&#8211;&nbsp;<a href=\"\/wp-content\/uploads\/2025\/12\/PROTOCOLLO-CESTIM-23-26_secondariaIIgrado.pdf\" data-type=\"attachment\" data-id=\"266\">Protocollo per scuole secondarie di II grado e CFP<\/a><br><br><br><\/p>\n\n\n\n<p>Azioni di progetto:<\/p>\n\n\n\n<ol class=\"wp-block-list\">\n<li><a href=\"\/index.php\/corsi-estivi-cestim\/\" data-type=\"page\" data-id=\"88\">CORSI ESTIVI<\/a><\/li>\n\n\n\n<li><a href=\"\/index.php\/studio-assistito\/\" data-type=\"page\" data-id=\"91\">STUDIO ASSISTITO<\/a><\/li>\n\n\n\n<li><a href=\"\/index.php\/laboratori-linguistici-di-italiano-l2\/\" data-type=\"page\" data-id=\"154\">LABORATORI LINGUISTICI BREVI DI ITALIANO DI BASE<\/a><\/li>\n\n\n\n<li><a href=\"\/index.php\/laboratori-linguistici-di-italiano-l2\/\" data-type=\"page\" data-id=\"154\">LABORATORI LINGUISTICI A DISTANZA<\/a><\/li>\n\n\n\n<li class=\"has-medium-font-size\"><a href=\"\/index.php\/volontariato-cestim\/\" data-type=\"page\" data-id=\"143\">VOLONTARIATO PER IL SUPPORTO LINGUISTICO(DA VERIFICARE LINK!!)<\/a><\/li>\n\n\n\n<li><a href=\"\/index.php\/volontariato-universitario-per-il-supporto-nelle-discipline\/\" data-type=\"page\" data-id=\"287\">VOLONTARIATO UNIVERSITARIO PER IL SUPPORTO NELLE DISCIPLINE (Progetto TAI\/Ti Aiuto Io)<\/a><\/li>\n<\/ol>\n","protected":false},"excerpt":{"rendered":"<p>La sottoscrizione del protocollo \u00e8 necessaria per poter avviare le Azioni proposte dal Cestim in collaborazione con la Rete Tante Tinte per il rafforzamento delle competenze linguistiche degli alunni e studenti provenienti da contesti migratori. L&#8217;accordo avr\u00e0 una durata triennale: dall\u2019a.s. 2023-2024 all\u2019a.s. 2025-2026. La firma del protocollo non determiner\u00e0 di per s\u00e9 l&#8217;implementazione degli [&hellip;]<\/p>\n","protected":false},"author":1,"featured_media":0,"parent":0,"menu_order":0,"comment_status":"closed","ping_status":"closed","template":"","meta":{"kia_subtitle":"Per l'attivazione delle azioni previste dal Progetto \"Primo, imparare bene la lingua!\" sostenuto da Fondazone San Zeno","footnotes":""},"class_list":["post-84","page","type-page","status-publish","hentry"],"_links":{"self":[{"href":"https:\/\/scuola.cestim.it\/index.php\/wp-json\/wp\/v2\/pages\/84","targetHints":{"allow":["GET"]}}],"collection":[{"href":"https:\/\/scuola.cestim.it\/index.php\/wp-json\/wp\/v2\/pages"}],"about":[{"href":"https:\/\/scuola.cestim.it\/index.php\/wp-json\/wp\/v2\/types\/page"}],"author":[{"embeddable":true,"href":"https:\/\/scuola.cestim.it\/index.php\/wp-json\/wp\/v2\/users\/1"}],"replies":[{"embeddable":true,"href":"https:\/\/scuola.cestim.it\/index.php\/wp-json\/wp\/v2\/comments?post=84"}],"version-history":[{"count":11,"href":"https:\/\/scuola.cestim.it\/index.php\/wp-json\/wp\/v2\/pages\/84\/revisions"}],"predecessor-version":[{"id":559,"href":"https:\/\/scuola.cestim.it\/index.php\/wp-json\/wp\/v2\/pages\/84\/revisions\/559"}],"wp:attachment":[{"href":"https:\/\/scuola.cestim.it\/index.php\/wp-json\/wp\/v2\/media?parent=84"}],"curies":[{"name":"wp","href":"https:\/\/api.w.org\/{rel}","templated":true}]}}